{"id":363,"date":"2024-11-18T12:32:18","date_gmt":"2024-11-18T12:32:18","guid":{"rendered":"http:\/\/deneme.local\/?page_id=363"},"modified":"2025-08-27T00:56:34","modified_gmt":"2025-08-27T00:56:34","slug":"departures","status":"publish","type":"page","link":"https:\/\/kingabdulaziz-airport.com\/de\/abfluge\/","title":{"rendered":"K\u00f6nig Abdulaziz Internationaler Flughafen Abfl\u00fcge"},"content":{"rendered":"<p>Abfl\u00fcge vom King Abdulaziz International Airport Jeddah JED zeigen den aktuellen Status f\u00fcr abgehende Fl\u00fcge. F\u00fcr jeden Flug werden Abflugzeit, Flugsteig, Terminal und Status angezeigt. \u00dcberpr\u00fcfen Sie die Anzeigetafel auf Versp\u00e4tungen und Flugsteig\u00e4nderungen. Die Anzeige wird alle 5 Minuten aktualisiert. Alle Zeiten sind Ortszeiten f\u00fcr Jeddah.<\/p>\n<p>Suchen Sie stattdessen nach Ank\u00fcnften? <a href=\"https:\/\/kingabdulaziz-airport.com\/de\/ankunfte\/\">Klicken Sie hier.<\/a><\/p>\n<div class=\"iframe-wrapper\" style=\"overflow-x:auto; -webkit-overflow-scrolling:touch; width:100%;\">\r\n  <iframe loading=\"lazy\" \r\n    src=\"\/\/tracker.flightview.com\/customersetup\/FlightViewWebFids\/cachedFids\/?vmode=departures&amp;Apt=JED&amp;mainPage=tracker.flightview.com\"\r\n    width=\"670\" height=\"790\" scrolling=\"no\"\r\n    style=\"display:block; min-width:670px; border:0;\">\r\n  <\/iframe>\r\n<\/div>","protected":false},"excerpt":{"rendered":"<p>Departures from King Abdulaziz International Airport Jeddah JED show current status for outgoing flights. Each flight lists departure time, gate, [&hellip;]<\/p>","protected":false},"author":2,"featured_media":0,"parent":0,"menu_order":0,"comment_status":"closed","ping_status":"closed","template":"","meta":{"_acf_changed":false,"site-sidebar-layout":"default","site-content-layout":"","ast-site-content-layout":"default","site-content-style":"default","site-sidebar-style":"default","ast-global-header-display":"","ast-banner-title-visibility":"","ast-main-header-display":"","ast-hfb-above-header-display":"","ast-hfb-below-header-display":"","ast-hfb-mobile-header-display":"","site-post-title":"","ast-breadcrumbs-content":"","ast-featured-img":"","footer-sml-layout":"","theme-transparent-header-meta":"default","adv-header-id-meta":"","stick-header-meta":"","header-above-stick-meta":"","header-main-stick-meta":"","header-below-stick-meta":"","astra-migrate-meta-layouts":"set","ast-page-background-enabled":"default","ast-page-background-meta":{"desktop":{"background-color":"var(--ast-global-color-4)","background-image":"","background-repeat":"repeat","background-position":"center center","background-size":"auto","background-attachment":"scroll","background-type":"","background-media":"","overlay-type":"","overlay-color":"","overlay-opacity":"","overlay-gradient":""},"tablet":{"background-color":"","background-image":"","background-repeat":"repeat","background-position":"center center","background-size":"auto","background-attachment":"scroll","background-type":"","background-media":"","overlay-type":"","overlay-color":"","overlay-opacity":"","overlay-gradient":""},"mobile":{"background-color":"","background-image":"","background-repeat":"repeat","background-position":"center center","background-size":"auto","background-attachment":"scroll","background-type":"","background-media":"","overlay-type":"","overlay-color":"","overlay-opacity":"","overlay-gradient":""}},"ast-content-background-meta":{"desktop":{"background-color":"var(--ast-global-color-5)","background-image":"","background-repeat":"repeat","background-position":"center center","background-size":"auto","background-attachment":"scroll","background-type":"","background-media":"","overlay-type":"","overlay-color":"","overlay-opacity":"","overlay-gradient":""},"tablet":{"background-color":"var(--ast-global-color-5)","background-image":"","background-repeat":"repeat","background-position":"center center","background-size":"auto","background-attachment":"scroll","background-type":"","background-media":"","overlay-type":"","overlay-color":"","overlay-opacity":"","overlay-gradient":""},"mobile":{"background-color":"var(--ast-global-color-5)","background-image":"","background-repeat":"repeat","background-position":"center center","background-size":"auto","background-attachment":"scroll","background-type":"","background-media":"","overlay-type":"","overlay-color":"","overlay-opacity":"","overlay-gradient":""}},"footnotes":""},"class_list":["post-363","page","type-page","status-publish","hentry"],"acf":[],"_links":{"self":[{"href":"https:\/\/kingabdulaziz-airport.com\/de\/wp-json\/wp\/v2\/pages\/363","targetHints":{"allow":["GET"]}}],"collection":[{"href":"https:\/\/kingabdulaziz-airport.com\/de\/wp-json\/wp\/v2\/pages"}],"about":[{"href":"https:\/\/kingabdulaziz-airport.com\/de\/wp-json\/wp\/v2\/types\/page"}],"author":[{"embeddable":true,"href":"https:\/\/kingabdulaziz-airport.com\/de\/wp-json\/wp\/v2\/users\/2"}],"replies":[{"embeddable":true,"href":"https:\/\/kingabdulaziz-airport.com\/de\/wp-json\/wp\/v2\/comments?post=363"}],"version-history":[{"count":18,"href":"https:\/\/kingabdulaziz-airport.com\/de\/wp-json\/wp\/v2\/pages\/363\/revisions"}],"predecessor-version":[{"id":1080,"href":"https:\/\/kingabdulaziz-airport.com\/de\/wp-json\/wp\/v2\/pages\/363\/revisions\/1080"}],"wp:attachment":[{"href":"https:\/\/kingabdulaziz-airport.com\/de\/wp-json\/wp\/v2\/media?parent=363"}],"curies":[{"name":"wp","href":"https:\/\/api.w.org\/{rel}","templated":true}]}}